{"id":1037,"date":"2024-01-22T16:50:47","date_gmt":"2024-01-22T15:50:47","guid":{"rendered":"https:\/\/fede-uliege.be\/?page_id=1037"},"modified":"2025-02-19T16:58:55","modified_gmt":"2025-02-19T15:58:55","slug":"actualites","status":"publish","type":"page","link":"https:\/\/fede-uliege.be\/index.php\/actualites\/","title":{"rendered":"Actualit\u00e9s"},"content":{"rendered":"\n<hr class=\"wp-block-separator has-text-color has-neve-link-color-color has-alpha-channel-opacity has-neve-link-color-background-color has-background is-style-wide\"\/>\n\n\n\n<div style=\"height:40px\" aria-hidden=\"true\" class=\"wp-block-spacer\"><\/div>\n\n\n\n<h2 class=\"wp-block-heading has-text-align-center has-neve-link-color-color has-text-color has-link-color wp-elements-409859e06297231c33e2e7e18017efef\"><strong>ACTUALIT\u00c9S<\/strong><\/h2>\n\n\n\n<div style=\"height:40px\" aria-hidden=\"true\" class=\"wp-block-spacer\"><\/div>\n\n\n\n<hr class=\"wp-block-separator has-text-color has-neve-link-color-color has-alpha-channel-opacity has-neve-link-color-background-color has-background is-style-wide\"\/>\n\n\n<ul class=\"wp-block-latest-posts__list has-dates wp-block-latest-posts\"><li><a class=\"wp-block-latest-posts__post-title\" href=\"https:\/\/fede-uliege.be\/index.php\/2025\/02\/10\/discours-rentree-2024-2025\/\">Discours Rentr\u00e9e 2024-2025<\/a><time datetime=\"2025-02-10T15:43:18+01:00\" class=\"wp-block-latest-posts__post-date\">10 f\u00e9vrier 2025<\/time><div class=\"wp-block-latest-posts__post-excerpt\">Discours de Pauline Wampach, pr\u00e9sidente de la F\u00e9d\u00e9 lors de la rentr\u00e9e acad\u00e9mique 2024-2025. Madame la Rectrice, mesdames, messieurs en titre et qualit\u00e9, bonjour. \u00c0 mon \u00e9chelle, en tant qu&rsquo;\u00e9tudiante, \u00e0 l&rsquo;ULi\u00e8ge, le th\u00e8me de cette rentr\u00e9e acad\u00e9mique \u00ab\u00a0Sciences, libert\u00e9, d\u00e9mocratie\u00a0\u00bb m&rsquo;offre deux voies de r\u00e9flexion : la premi\u00e8re, la d\u00e9mocratie pour la science, c&rsquo;est-\u00e0-dire<a href=\"https:\/\/fede-uliege.be\/index.php\/2025\/02\/10\/discours-rentree-2024-2025\/\" rel=\"bookmark\">Lire la suite &raquo;<span class=\"screen-reader-text\">Discours Rentr\u00e9e 2024-2025<\/span><\/a><\/div><\/li>\n<li><a class=\"wp-block-latest-posts__post-title\" href=\"https:\/\/fede-uliege.be\/index.php\/2024\/04\/26\/blocus-printemps-2024-elargissement-des-horaires-des-bibliotheques\/\">Blocus printemps 2024 : \u00c9largissement des horaires des biblioth\u00e8ques<\/a><time datetime=\"2024-04-26T15:44:59+02:00\" class=\"wp-block-latest-posts__post-date\">26 avril 2024<\/time><div class=\"wp-block-latest-posts__post-excerpt\">Apr\u00e8s de nombreux mois de n\u00e9gociation, la F\u00e9d\u00e9 avec le soutien de l&rsquo;Universit\u00e9 a obtenu une avanc\u00e9e significative pour l&rsquo;ensemble des \u00e9tudiants de la communaut\u00e9 universitaire. Deux des biblioth\u00e8ques\/salles de cours seront ouvertes jusqu&rsquo;\u00e0\u00a022h du lundi au\u00a0vendredi jusqu&rsquo;au 21 juin. Il s&rsquo;agit de la salle de lecture au XX ao\u00fbt et de la biblioth\u00e8que sant\u00e9-CHU,<a href=\"https:\/\/fede-uliege.be\/index.php\/2024\/04\/26\/blocus-printemps-2024-elargissement-des-horaires-des-bibliotheques\/\" rel=\"bookmark\">Lire la suite &raquo;<span class=\"screen-reader-text\">Blocus printemps 2024 : \u00c9largissement des horaires des biblioth\u00e8ques<\/span><\/a><\/div><\/li>\n<li><a class=\"wp-block-latest-posts__post-title\" href=\"https:\/\/fede-uliege.be\/index.php\/2024\/03\/01\/du-nouveau-pour-les-elections-rectorales-2026\/\">Du nouveau pour les \u00e9lections rectorales 2026 ?\u00a0<\/a><time datetime=\"2024-03-01T12:10:59+01:00\" class=\"wp-block-latest-posts__post-date\">1 mars 2024<\/time><div class=\"wp-block-latest-posts__post-excerpt\">Des discussions sont en cours au sein des universit\u00e9s de F\u00e9d\u00e9ration Wallonie-Bruxelles pour revoir la clef de r\u00e9partition des pourcentages pour les \u00e9lections rectorales.\u00a0 Les universit\u00e9s de Li\u00e8ge et de Mons\u00a0ont leur clef de r\u00e9partition r\u00e9glement\u00e9e par un arr\u00eat\u00e9 du Gouvernement de la communaut\u00e9 fran\u00e7aise. La r\u00e9partition entre les corps est la suivante :\u00a0 Cat\u00e9gorie<a href=\"https:\/\/fede-uliege.be\/index.php\/2024\/03\/01\/du-nouveau-pour-les-elections-rectorales-2026\/\" rel=\"bookmark\">Lire la suite &raquo;<span class=\"screen-reader-text\">Du nouveau pour les \u00e9lections rectorales 2026 ?\u00a0<\/span><\/a><\/div><\/li>\n<li><a class=\"wp-block-latest-posts__post-title\" href=\"https:\/\/fede-uliege.be\/index.php\/2024\/02\/23\/vers-des-engagements-pedagogiques-plus-clairs\/\">Vers des engagements p\u00e9dagogiques plus clairs ?\u00a0\u00a0<\/a><time datetime=\"2024-02-23T17:06:12+01:00\" class=\"wp-block-latest-posts__post-date\">23 f\u00e9vrier 2024<\/time><div class=\"wp-block-latest-posts__post-excerpt\">Lors du CUEF (Conseil Universitaire \u00e0 l&rsquo;Enseignement et \u00e0 la Formation),&nbsp;Christian&nbsp;Clerebaut, repr\u00e9sentant \u00e9tudiant, a insist\u00e9 sur la n\u00e9cessit\u00e9 pour les \u00e9tudiantes et \u00e9tudiants de pouvoir b\u00e9n\u00e9ficier des modalit\u00e9s d&rsquo;\u00e9valuation en amont. En effet, dans de nombreuses sections au sein de plusieurs facult\u00e9s, l&rsquo;\u00e9tudiant ou l&rsquo;\u00e9tudiante d\u00e9couvre le type de QCM (questionnaire \u00e0 choix multiples) ainsi<a href=\"https:\/\/fede-uliege.be\/index.php\/2024\/02\/23\/vers-des-engagements-pedagogiques-plus-clairs\/\" rel=\"bookmark\">Lire la suite &raquo;<span class=\"screen-reader-text\">Vers des engagements p\u00e9dagogiques plus clairs ?\u00a0\u00a0<\/span><\/a><\/div><\/li>\n<li><a class=\"wp-block-latest-posts__post-title\" href=\"https:\/\/fede-uliege.be\/index.php\/2024\/02\/22\/3-semaines-de-session-en-janvier-en-2025\/\">Trois semaines de session d\u2019examens en janvier \u00e0 partir de l\u2019ann\u00e9e acad\u00e9mique 2024\/2025<\/a><time datetime=\"2024-02-22T13:39:36+01:00\" class=\"wp-block-latest-posts__post-date\">22 f\u00e9vrier 2024<\/time><div class=\"wp-block-latest-posts__post-excerpt\">La session de janvier de l&rsquo;ann\u00e9e acad\u00e9mique 24\/25 se d\u00e9roulera en trois semaines. Cela est le fruit de la position du CReF (Conseil des Recteurs et Rectrices Francophones) qui ont voulu uniformiser les calendriers acad\u00e9miques en FWB (F\u00e9d\u00e9ration Wallonie-Bruxelles).&nbsp; Cette ann\u00e9e, l&rsquo;ULi\u00e8ge \u00e9tait la seule universit\u00e9 en FWB \u00e0 organiser sa session sur trois semaines<a href=\"https:\/\/fede-uliege.be\/index.php\/2024\/02\/22\/3-semaines-de-session-en-janvier-en-2025\/\" rel=\"bookmark\">Lire la suite &raquo;<span class=\"screen-reader-text\">Trois semaines de session d\u2019examens en janvier \u00e0 partir de l\u2019ann\u00e9e acad\u00e9mique 2024\/2025<\/span><\/a><\/div><\/li>\n<\/ul>\n\n\n<hr class=\"wp-block-separator has-text-color has-neve-link-color-color has-alpha-channel-opacity has-neve-link-color-background-color has-background is-style-default\"\/>\n\n\n\n<p>Tu veux rester inform\u00e9.e des actualit\u00e9s de la vie \u00e9tudiante ? Re\u00e7ois notre newsletter toutes les semaines !<\/p>\n\n\n<div class=\"wp-block-jetpack-subscriptions__supports-newline wp-block-jetpack-subscriptions\">\n\t\t<div>\n\t\t\t<div>\n\t\t\t\t<div>\n\t\t\t\t\t<p >\n\t\t\t\t\t\t<a href=\"https:\/\/fede-uliege.be\/?post_type=page&#038;p=1037\" style=\"font-size: 16px;padding: 15px 23px 15px 23px;margin: 0; margin-left: 10px;border-color: neve-link-color;border-radius: 0px;border-width: 1px; background-color: var(--nv-primary-accent); color: #FFFFFF; text-decoration: none; white-space: nowrap; margin-left: 0\">Abonnez-vous<\/a>\n\t\t\t\t\t<\/p>\n\t\t\t\t<\/div>\n\t\t\t<\/div>\n\t\t<\/div>\n\t<\/div>","protected":false},"excerpt":{"rendered":"<p>ACTUALIT\u00c9S Tu veux rester inform\u00e9.e des actualit\u00e9s de la vie \u00e9tudiante ? Re\u00e7ois notre newsletter toutes les semaines !<\/p>\n","protected":false},"author":1,"featured_media":0,"parent":0,"menu_order":0,"comment_status":"closed","ping_status":"closed","template":"","meta":{"neve_meta_sidebar":"","neve_meta_container":"","neve_meta_enable_content_width":"","neve_meta_content_width":0,"neve_meta_title_alignment":"","neve_meta_author_avatar":"","neve_post_elements_order":"","neve_meta_disable_header":"","neve_meta_disable_footer":"","neve_meta_disable_title":"","jetpack_post_was_ever_published":false,"footnotes":""},"class_list":["post-1037","page","type-page","status-publish","hentry"],"jetpack_sharing_enabled":true,"_links":{"self":[{"href":"https:\/\/fede-uliege.be\/index.php\/wp-json\/wp\/v2\/pages\/1037","targetHints":{"allow":["GET"]}}],"collection":[{"href":"https:\/\/fede-uliege.be\/index.php\/wp-json\/wp\/v2\/pages"}],"about":[{"href":"https:\/\/fede-uliege.be\/index.php\/wp-json\/wp\/v2\/types\/page"}],"author":[{"embeddable":true,"href":"https:\/\/fede-uliege.be\/index.php\/wp-json\/wp\/v2\/users\/1"}],"replies":[{"embeddable":true,"href":"https:\/\/fede-uliege.be\/index.php\/wp-json\/wp\/v2\/comments?post=1037"}],"version-history":[{"count":9,"href":"https:\/\/fede-uliege.be\/index.php\/wp-json\/wp\/v2\/pages\/1037\/revisions"}],"predecessor-version":[{"id":1700,"href":"https:\/\/fede-uliege.be\/index.php\/wp-json\/wp\/v2\/pages\/1037\/revisions\/1700"}],"wp:attachment":[{"href":"https:\/\/fede-uliege.be\/index.php\/wp-json\/wp\/v2\/media?parent=1037"}],"curies":[{"name":"wp","href":"https:\/\/api.w.org\/{rel}","templated":true}]}}