{"id":1248,"date":"2024-01-22T14:00:41","date_gmt":"2024-01-22T13:00:41","guid":{"rendered":"https:\/\/fede-uliege.be\/?page_id=1248"},"modified":"2026-02-25T15:18:31","modified_gmt":"2026-02-25T14:18:31","slug":"location-materiel","status":"publish","type":"page","link":"https:\/\/fede-uliege.be\/index.php\/location-materiel\/","title":{"rendered":"Location Mat\u00e9riel"},"content":{"rendered":"\n<hr class=\"wp-block-separator has-text-color has-neve-link-color-color has-alpha-channel-opacity has-neve-link-color-background-color has-background is-style-default\"\/>\n\n\n\n<div style=\"height:40px\" aria-hidden=\"true\" class=\"wp-block-spacer\"><\/div>\n\n\n\n<h2 class=\"wp-block-heading has-text-align-center has-neve-link-color-color has-text-color has-link-color wp-elements-65b0c160d36c92ed4afe35a8e186b1b9\">LOCATION DE MAT\u00c9RIEL POUR LES CERCLES<\/h2>\n\n\n\n<div style=\"height:40px\" aria-hidden=\"true\" class=\"wp-block-spacer\"><\/div>\n\n\n\n<hr class=\"wp-block-separator has-text-color has-neve-link-color-color has-alpha-channel-opacity has-neve-link-color-background-color has-background\"\/>\n\n\n\n<div class=\"wp-block-media-text is-stacked-on-mobile\" style=\"grid-template-columns:29% auto\"><figure class=\"wp-block-media-text__media\"><img fetchpriority=\"high\" decoding=\"async\" width=\"431\" height=\"582\" src=\"https:\/\/fede-uliege.be\/wp-content\/uploads\/2024\/01\/Capture-decran-2024-01-22-140755.png\" alt=\"\" class=\"wp-image-1252 size-full\" srcset=\"https:\/\/fede-uliege.be\/wp-content\/uploads\/2024\/01\/Capture-decran-2024-01-22-140755.png 431w, https:\/\/fede-uliege.be\/wp-content\/uploads\/2024\/01\/Capture-decran-2024-01-22-140755-222x300.png 222w\" sizes=\"(max-width: 431px) 100vw, 431px\" \/><\/figure><div class=\"wp-block-media-text__content\">\n<h2 class=\"wp-block-heading has-text-align-center\">Grand <strong>baffle JBL<\/strong> Partybox + micro \u00e0 main<\/h2>\n\n\n\n<div class=\"wp-block-group is-vertical is-layout-flex wp-container-core-group-is-layout-8cf370e7 wp-block-group-is-layout-flex\">\n<p>Connectivit\u00e9 : <strong>Hybride<\/strong><\/p>\n\n\n\n<p>Connexion : <strong>Bluetooth, jack 3,5 mm, USB<\/strong><\/p>\n\n\n\n<p>Autonomie (h) : <strong>12&nbsp;h<\/strong><\/p>\n\n\n\n<p>Puissance (W) : <strong>160&nbsp;W<\/strong><\/p>\n\n\n\n<p>Type : <strong>Enceinte de F\u00eate, Enceinte Bluetooth<\/strong><\/p>\n<\/div>\n<\/div><\/div>\n\n\n\n<div style=\"height:40px\" aria-hidden=\"true\" class=\"wp-block-spacer\"><\/div>\n\n\n\n<div class=\"wp-block-media-text has-media-on-the-right is-stacked-on-mobile\" style=\"grid-template-columns:auto 29%\"><div class=\"wp-block-media-text__content\">\n<h2 class=\"wp-block-heading has-text-align-center\">Petit baffle JBL Partybox <\/h2>\n\n\n\n<div class=\"wp-block-group is-vertical is-layout-flex wp-container-core-group-is-layout-8cf370e7 wp-block-group-is-layout-flex\">\n<p>Connectivit\u00e9 : <strong>Hybride<\/strong><\/p>\n\n\n\n<p>Connexion : <strong>Bluetooth, USB-C<\/strong><\/p>\n\n\n\n<p>Autonomie (h) : <strong>15&nbsp;h<\/strong><\/p>\n\n\n\n<p>Puissance (W) : <strong>100&nbsp;W<\/strong><\/p>\n\n\n\n<p>Type : <strong>Enceinte de F\u00eate, Enceinte Bluetooth<\/strong><\/p>\n<\/div>\n<\/div><figure class=\"wp-block-media-text__media\"><img decoding=\"async\" width=\"652\" height=\"544\" src=\"https:\/\/fede-uliege.be\/wp-content\/uploads\/2026\/02\/Capture-decran-2026-02-19-155435.png\" alt=\"\" class=\"wp-image-2141 size-full\" srcset=\"https:\/\/fede-uliege.be\/wp-content\/uploads\/2026\/02\/Capture-decran-2026-02-19-155435.png 652w, https:\/\/fede-uliege.be\/wp-content\/uploads\/2026\/02\/Capture-decran-2026-02-19-155435-300x250.png 300w\" sizes=\"(max-width: 652px) 100vw, 652px\" \/><\/figure><\/div>\n\n\n\n<div style=\"height:40px\" aria-hidden=\"true\" class=\"wp-block-spacer\"><\/div>\n\n\n\n<div class=\"wp-block-media-text is-stacked-on-mobile\"><figure class=\"wp-block-media-text__media\"><img decoding=\"async\" width=\"576\" height=\"441\" src=\"https:\/\/fede-uliege.be\/wp-content\/uploads\/2024\/01\/Capture-decran-2024-01-22-141140.png\" alt=\"\" class=\"wp-image-1253 size-full\" srcset=\"https:\/\/fede-uliege.be\/wp-content\/uploads\/2024\/01\/Capture-decran-2024-01-22-141140.png 576w, https:\/\/fede-uliege.be\/wp-content\/uploads\/2024\/01\/Capture-decran-2024-01-22-141140-300x230.png 300w\" sizes=\"(max-width: 576px) 100vw, 576px\" \/><\/figure><div class=\"wp-block-media-text__content\">\n<h2 class=\"wp-block-heading has-text-align-center\"><strong>Micro Blink 500 B6<\/strong><\/h2>\n\n\n\n<div class=\"wp-block-group is-vertical is-layout-flex wp-container-core-group-is-layout-8cf370e7 wp-block-group-is-layout-flex\">\n<p><strong>\u00c9metteur\/microphone sans fil compact et&nbsp;r\u00e9cepteur USB-C<\/strong><\/p>\n\n\n\n<p><strong>Id\u00e9al pour les interviews, les vlogs et les pr\u00e9sentations<\/strong><\/p>\n\n\n\n<p>Compatible avec : <strong>smartphones, Apple<\/strong><\/p>\n\n\n\n<p>Autonomie (h) : <strong>5h d&rsquo;enregistrement<\/strong><\/p>\n\n\n\n<p>Port\u00e9e sans fil : <strong>30 \u00e0 50 m\u00e8tres (selon l&rsquo;espace)<\/strong><\/p>\n\n\n\n<p>Sorties : <strong>TRS et TRRS (c\u00e2bles inclus)<\/strong><\/p>\n\n\n\n<p>Connexion : <strong>4 GHz<\/strong><\/p>\n<\/div>\n<\/div><\/div>\n\n\n\n<div style=\"height:40px\" aria-hidden=\"true\" class=\"wp-block-spacer\"><\/div>\n\n\n\n<div class=\"wp-block-media-text has-media-on-the-right is-stacked-on-mobile\" style=\"grid-template-columns:auto 29%\"><div class=\"wp-block-media-text__content\">\n<h2 class=\"wp-block-heading has-text-align-center\">Reflex Nikon D3400 + Objectif Nikkor AF-P 18-55 mm VR Noir<\/h2>\n\n\n\n<div class=\"wp-block-group is-vertical is-layout-flex wp-container-core-group-is-layout-8cf370e7 wp-block-group-is-layout-flex\">\n<p>Niveau en photographie : <strong>amateur<\/strong><\/p>\n\n\n\n<p>Taille du capteur : <strong>APS-C<\/strong><\/p>\n\n\n\n<p>Type d&rsquo;objectif : <strong>standard<\/strong><\/p>\n\n\n\n<p>Sensibilit\u00e9 ISO : <strong>de 100 \u00e0 25600<\/strong> <\/p>\n\n\n\n<p>ISOMegaPixels (r\u00e9solution du capteur) : <strong>2,1 millions pixels<\/strong><\/p>\n<\/div>\n<\/div><figure class=\"wp-block-media-text__media\"><img loading=\"lazy\" decoding=\"async\" width=\"500\" height=\"433\" src=\"https:\/\/fede-uliege.be\/wp-content\/uploads\/2026\/02\/Reflex-Nikon-D3400-Objectif-Nikkor-AF-P-18-55-mm-VR-Noir.jpg\" alt=\"\" class=\"wp-image-2140 size-full\" srcset=\"https:\/\/fede-uliege.be\/wp-content\/uploads\/2026\/02\/Reflex-Nikon-D3400-Objectif-Nikkor-AF-P-18-55-mm-VR-Noir.jpg 500w, https:\/\/fede-uliege.be\/wp-content\/uploads\/2026\/02\/Reflex-Nikon-D3400-Objectif-Nikkor-AF-P-18-55-mm-VR-Noir-300x260.jpg 300w\" sizes=\"(max-width: 500px) 100vw, 500px\" \/><\/figure><\/div>\n\n\n\n<div style=\"height:40px\" aria-hidden=\"true\" class=\"wp-block-spacer\"><\/div>\n\n\n\n<div class=\"wp-block-media-text is-stacked-on-mobile\" style=\"grid-template-columns:29% auto\"><figure class=\"wp-block-media-text__media\"><img loading=\"lazy\" decoding=\"async\" width=\"1024\" height=\"1024\" src=\"https:\/\/fede-uliege.be\/wp-content\/uploads\/2026\/02\/ASSET_MMS_97940487-1024x1024.jpg\" alt=\"\" class=\"wp-image-2158 size-full\" srcset=\"https:\/\/fede-uliege.be\/wp-content\/uploads\/2026\/02\/ASSET_MMS_97940487-1024x1024.jpg 1024w, https:\/\/fede-uliege.be\/wp-content\/uploads\/2026\/02\/ASSET_MMS_97940487-300x300.jpg 300w, https:\/\/fede-uliege.be\/wp-content\/uploads\/2026\/02\/ASSET_MMS_97940487-150x150.jpg 150w, https:\/\/fede-uliege.be\/wp-content\/uploads\/2026\/02\/ASSET_MMS_97940487-768x768.jpg 768w, https:\/\/fede-uliege.be\/wp-content\/uploads\/2026\/02\/ASSET_MMS_97940487-1536x1536.jpg 1536w, https:\/\/fede-uliege.be\/wp-content\/uploads\/2026\/02\/ASSET_MMS_97940487.jpg 1800w\" sizes=\"(max-width: 1024px) 100vw, 1024px\" \/><\/figure><div class=\"wp-block-media-text__content\">\n<h2 class=\"wp-block-heading has-text-align-center\">DJI Stabilisateur Smartphone Osmo SE<\/h2>\n\n\n\n<div class=\"wp-block-group is-vertical is-layout-flex wp-container-core-group-is-layout-8cf370e7 wp-block-group-is-layout-flex\">\n<p>Compatible avec : <strong>smartphone<\/strong><\/p>\n\n\n\n<p>Poids de chargement maximal : <strong>290g<\/strong><\/p>\n\n\n\n<p>Connexion : <strong>USB-C<\/strong>, <strong>Bluetooth 5.1<\/strong><\/p>\n\n\n\n<p>Autonomie de la batterie : <strong>8h<\/strong> <\/p>\n<\/div>\n<\/div><\/div>\n\n\n\n<div style=\"height:40px\" aria-hidden=\"true\" class=\"wp-block-spacer\"><\/div>\n\n\n\n<div class=\"wp-block-media-text has-media-on-the-right is-stacked-on-mobile\" style=\"grid-template-columns:auto 29%\"><div class=\"wp-block-media-text__content\">\n<h2 class=\"wp-block-heading has-text-align-center\"><strong>Sanyo PRO xtraX Projecteur Multiverse<\/strong><\/h2>\n\n\n\n<div class=\"wp-block-group is-vertical is-layout-flex wp-container-core-group-is-layout-8cf370e7 wp-block-group-is-layout-flex\">\n<p>Puissance lumineuse : <strong>2500 lumens ANSI<\/strong><\/p>\n\n\n\n<p>Fourni avec <strong>c\u00e2ble HDMI <\/strong><\/p>\n<\/div>\n<\/div><figure class=\"wp-block-media-text__media\"><img loading=\"lazy\" decoding=\"async\" width=\"460\" height=\"457\" src=\"https:\/\/fede-uliege.be\/wp-content\/uploads\/2026\/02\/Capture-decran-2026-02-19-171550.png\" alt=\"\" class=\"wp-image-2160 size-full\" srcset=\"https:\/\/fede-uliege.be\/wp-content\/uploads\/2026\/02\/Capture-decran-2026-02-19-171550.png 460w, https:\/\/fede-uliege.be\/wp-content\/uploads\/2026\/02\/Capture-decran-2026-02-19-171550-300x298.png 300w, https:\/\/fede-uliege.be\/wp-content\/uploads\/2026\/02\/Capture-decran-2026-02-19-171550-150x150.png 150w\" sizes=\"(max-width: 460px) 100vw, 460px\" \/><\/figure><\/div>\n\n\n\n<div class=\"wp-block-media-text is-stacked-on-mobile\" style=\"grid-template-columns:29% auto\"><figure class=\"wp-block-media-text__media\"><img loading=\"lazy\" decoding=\"async\" width=\"378\" height=\"486\" src=\"https:\/\/fede-uliege.be\/wp-content\/uploads\/2026\/02\/Capture-decran-2026-02-23-095044.png\" alt=\"\" class=\"wp-image-2181 size-full\" srcset=\"https:\/\/fede-uliege.be\/wp-content\/uploads\/2026\/02\/Capture-decran-2026-02-23-095044.png 378w, https:\/\/fede-uliege.be\/wp-content\/uploads\/2026\/02\/Capture-decran-2026-02-23-095044-233x300.png 233w\" sizes=\"(max-width: 378px) 100vw, 378px\" \/><\/figure><div class=\"wp-block-media-text__content\">\n<h2 class=\"wp-block-heading has-text-align-center\">Mange-debout avec housse<\/h2>\n\n\n\n<div class=\"wp-block-group is-vertical is-layout-flex wp-container-core-group-is-layout-8cf370e7 wp-block-group-is-layout-flex\">\n<p>12 mange-debout sont mis \u00e0 disposition. <\/p>\n<\/div>\n<\/div><\/div>\n\n\n\n<hr class=\"wp-block-separator has-text-color has-neve-link-hover-color-color has-alpha-channel-opacity has-neve-link-hover-color-background-color has-background is-style-default\"\/>\n\n\n\n<blockquote class=\"wp-block-quote is-layout-flow wp-block-quote-is-layout-flow\">\n<p class=\"has-text-align-center\">Vous pouvez \u00e9galement nous contacter pour emprunter : multiprises, \u00e9cocups et jeux de soci\u00e9t\u00e9\u2026<\/p>\n\n\n\n<hr class=\"wp-block-separator has-text-color has-neve-link-hover-color-color has-alpha-channel-opacity has-neve-link-hover-color-background-color has-background is-style-wide\"\/>\n<\/blockquote>\n\n\n\n<div class=\"wp-block-columns is-layout-flex wp-container-core-columns-is-layout-9d6595d7 wp-block-columns-is-layout-flex\">\n<div class=\"wp-block-column is-layout-flow wp-block-column-is-layout-flow\">\n<figure class=\"wp-block-image size-full is-resized\"><a href=\"https:\/\/www.lamason.org\/\"><img loading=\"lazy\" decoding=\"async\" width=\"400\" height=\"400\" src=\"https:\/\/fede-uliege.be\/wp-content\/uploads\/2024\/01\/MAson-logo-large_PNG-1.webp\" alt=\"\" class=\"wp-image-1128\" style=\"width:145px;height:auto\" srcset=\"https:\/\/fede-uliege.be\/wp-content\/uploads\/2024\/01\/MAson-logo-large_PNG-1.webp 400w, https:\/\/fede-uliege.be\/wp-content\/uploads\/2024\/01\/MAson-logo-large_PNG-1-300x300.webp 300w, https:\/\/fede-uliege.be\/wp-content\/uploads\/2024\/01\/MAson-logo-large_PNG-1-150x150.webp 150w\" sizes=\"(max-width: 400px) 100vw, 400px\" \/><\/a><\/figure>\n<\/div>\n\n\n\n<div class=\"wp-block-column is-layout-flow wp-block-column-is-layout-flow\">\n<p class=\"has-text-align-center\">Ouvert du lundi au jeudi de 8h30 \u00e0 17h30 (ferm\u00e9 de 12h30 \u00e0 13h30)<br>et le vendredi de 8h30 \u00e0 12h30<br>04 366 31 99<\/p>\n\n\n\n<ul class=\"wp-block-social-links has-normal-icon-size is-content-justification-center is-layout-flex wp-container-core-social-links-is-layout-16018d1d wp-block-social-links-is-layout-flex\"><li class=\"wp-social-link wp-social-link-facebook  wp-block-social-link\"><a href=\"https:\/\/www.facebook.com\/fedeULiege\/\" class=\"wp-block-social-link-anchor\"><svg width=\"24\" height=\"24\" viewBox=\"0 0 24 24\" version=\"1.1\" xmlns=\"http:\/\/www.w3.org\/2000\/svg\" aria-hidden=\"true\" focusable=\"false\"><path d=\"M12 2C6.5 2 2 6.5 2 12c0 5 3.7 9.1 8.4 9.9v-7H7.9V12h2.5V9.8c0-2.5 1.5-3.9 3.8-3.9 1.1 0 2.2.2 2.2.2v2.5h-1.3c-1.2 0-1.6.8-1.6 1.6V12h2.8l-.4 2.9h-2.3v7C18.3 21.1 22 17 22 12c0-5.5-4.5-10-10-10z\"><\/path><\/svg><span class=\"wp-block-social-link-label screen-reader-text\">Facebook<\/span><\/a><\/li>\n\n<li class=\"wp-social-link wp-social-link-instagram  wp-block-social-link\"><a href=\"https:\/\/www.instagram.com\/fede_uliege\/\" class=\"wp-block-social-link-anchor\"><svg width=\"24\" height=\"24\" viewBox=\"0 0 24 24\" version=\"1.1\" xmlns=\"http:\/\/www.w3.org\/2000\/svg\" aria-hidden=\"true\" focusable=\"false\"><path d=\"M12,4.622c2.403,0,2.688,0.009,3.637,0.052c0.877,0.04,1.354,0.187,1.671,0.31c0.42,0.163,0.72,0.358,1.035,0.673 c0.315,0.315,0.51,0.615,0.673,1.035c0.123,0.317,0.27,0.794,0.31,1.671c0.043,0.949,0.052,1.234,0.052,3.637 s-0.009,2.688-0.052,3.637c-0.04,0.877-0.187,1.354-0.31,1.671c-0.163,0.42-0.358,0.72-0.673,1.035 c-0.315,0.315-0.615,0.51-1.035,0.673c-0.317,0.123-0.794,0.27-1.671,0.31c-0.949,0.043-1.233,0.052-3.637,0.052 s-2.688-0.009-3.637-0.052c-0.877-0.04-1.354-0.187-1.671-0.31c-0.42-0.163-0.72-0.358-1.035-0.673 c-0.315-0.315-0.51-0.615-0.673-1.035c-0.123-0.317-0.27-0.794-0.31-1.671C4.631,14.688,4.622,14.403,4.622,12 s0.009-2.688,0.052-3.637c0.04-0.877,0.187-1.354,0.31-1.671c0.163-0.42,0.358-0.72,0.673-1.035 c0.315-0.315,0.615-0.51,1.035-0.673c0.317-0.123,0.794-0.27,1.671-0.31C9.312,4.631,9.597,4.622,12,4.622 M12,3 C9.556,3,9.249,3.01,8.289,3.054C7.331,3.098,6.677,3.25,6.105,3.472C5.513,3.702,5.011,4.01,4.511,4.511 c-0.5,0.5-0.808,1.002-1.038,1.594C3.25,6.677,3.098,7.331,3.054,8.289C3.01,9.249,3,9.556,3,12c0,2.444,0.01,2.751,0.054,3.711 c0.044,0.958,0.196,1.612,0.418,2.185c0.23,0.592,0.538,1.094,1.038,1.594c0.5,0.5,1.002,0.808,1.594,1.038 c0.572,0.222,1.227,0.375,2.185,0.418C9.249,20.99,9.556,21,12,21s2.751-0.01,3.711-0.054c0.958-0.044,1.612-0.196,2.185-0.418 c0.592-0.23,1.094-0.538,1.594-1.038c0.5-0.5,0.808-1.002,1.038-1.594c0.222-0.572,0.375-1.227,0.418-2.185 C20.99,14.751,21,14.444,21,12s-0.01-2.751-0.054-3.711c-0.044-0.958-0.196-1.612-0.418-2.185c-0.23-0.592-0.538-1.094-1.038-1.594 c-0.5-0.5-1.002-0.808-1.594-1.038c-0.572-0.222-1.227-0.375-2.185-0.418C14.751,3.01,14.444,3,12,3L12,3z M12,7.378 c-2.552,0-4.622,2.069-4.622,4.622S9.448,16.622,12,16.622s4.622-2.069,4.622-4.622S14.552,7.378,12,7.378z M12,15 c-1.657,0-3-1.343-3-3s1.343-3,3-3s3,1.343,3,3S13.657,15,12,15z M16.804,6.116c-0.596,0-1.08,0.484-1.08,1.08 s0.484,1.08,1.08,1.08c0.596,0,1.08-0.484,1.08-1.08S17.401,6.116,16.804,6.116z\"><\/path><\/svg><span class=\"wp-block-social-link-label screen-reader-text\">Instagram<\/span><\/a><\/li>\n\n<li class=\"wp-social-link wp-social-link-mail  wp-block-social-link\"><a href=\"mailto:&#105;n&#102;o&#064;&#102;e&#100;e&#045;&#117;&#108;ie&#103;e.be\" class=\"wp-block-social-link-anchor\"><svg width=\"24\" height=\"24\" viewBox=\"0 0 24 24\" version=\"1.1\" xmlns=\"http:\/\/www.w3.org\/2000\/svg\" aria-hidden=\"true\" focusable=\"false\"><path d=\"M19,5H5c-1.1,0-2,.9-2,2v10c0,1.1.9,2,2,2h14c1.1,0,2-.9,2-2V7c0-1.1-.9-2-2-2zm.5,12c0,.3-.2.5-.5.5H5c-.3,0-.5-.2-.5-.5V9.8l7.5,5.6,7.5-5.6V17zm0-9.1L12,13.6,4.5,7.9V7c0-.3.2-.5.5-.5h14c.3,0,.5.2.5.5v.9z\"><\/path><\/svg><span class=\"wp-block-social-link-label screen-reader-text\">E-mail<\/span><\/a><\/li><\/ul>\n<\/div>\n\n\n\n<div class=\"wp-block-column is-layout-flow wp-block-column-is-layout-flow\"><div class=\"wp-block-image\">\n<figure class=\"alignright size-large is-resized\"><img loading=\"lazy\" decoding=\"async\" width=\"1024\" height=\"768\" src=\"https:\/\/fede-uliege.be\/wp-content\/uploads\/2024\/01\/Logo-Fede-Uliege-Bleu-1-1024x768.png\" alt=\"\" class=\"wp-image-1129\" style=\"width:147px;height:auto\" srcset=\"https:\/\/fede-uliege.be\/wp-content\/uploads\/2024\/01\/Logo-Fede-Uliege-Bleu-1-1024x768.png 1024w, https:\/\/fede-uliege.be\/wp-content\/uploads\/2024\/01\/Logo-Fede-Uliege-Bleu-1-300x225.png 300w, https:\/\/fede-uliege.be\/wp-content\/uploads\/2024\/01\/Logo-Fede-Uliege-Bleu-1-768x576.png 768w, https:\/\/fede-uliege.be\/wp-content\/uploads\/2024\/01\/Logo-Fede-Uliege-Bleu-1-1536x1152.png 1536w, https:\/\/fede-uliege.be\/wp-content\/uploads\/2024\/01\/Logo-Fede-Uliege-Bleu-1.png 1961w\" sizes=\"(max-width: 1024px) 100vw, 1024px\" \/><\/figure>\n<\/div><\/div>\n<\/div>\n\n\n\n<p class=\"has-text-align-center\"><a href=\"https:\/\/fede-uliege.be\/wp-content\/uploads\/2023\/11\/Statuts.pdf\">STATUTS<\/a> <a href=\"https:\/\/fede-uliege.be\/wp-content\/uploads\/2023\/12\/RGPD.pdf\">RGPD<\/a> <a href=\"https:\/\/fede-uliege.be\/wp-content\/uploads\/2023\/12\/ROI-adopte-02_11.pdf\">ROI<\/a> <a href=\"https:\/\/fede-uliege.be\/wp-content\/uploads\/2024\/01\/CHARTE_GRAPHIQUE_2024.pdf\">CHARTE GRAPHIQUE<\/a> <a href=\"https:\/\/fede-uliege.be\/index.php\/logo\/\">LOGO<\/a><\/p>\n","protected":false},"excerpt":{"rendered":"<p>LOCATION DE MAT\u00c9RIEL POUR LES CERCLES Ouvert du lundi au jeudi de 8h30 \u00e0 17h30 (ferm\u00e9 de 12h30 \u00e0 13h30)et le vendredi de 8h30 \u00e0 12h3004 366 31 99 STATUTS RGPD ROI CHARTE GRAPHIQUE LOGO<\/p>\n","protected":false},"author":1,"featured_media":0,"parent":0,"menu_order":0,"comment_status":"closed","ping_status":"closed","template":"","meta":{"neve_meta_sidebar":"","neve_meta_container":"","neve_meta_enable_content_width":"","neve_meta_content_width":0,"neve_meta_title_alignment":"","neve_meta_author_avatar":"","neve_post_elements_order":"","neve_meta_disable_header":"","neve_meta_disable_footer":"","neve_meta_disable_title":"","jetpack_post_was_ever_published":false,"footnotes":""},"class_list":["post-1248","page","type-page","status-publish","hentry"],"jetpack_sharing_enabled":true,"_links":{"self":[{"href":"https:\/\/fede-uliege.be\/index.php\/wp-json\/wp\/v2\/pages\/1248","targetHints":{"allow":["GET"]}}],"collection":[{"href":"https:\/\/fede-uliege.be\/index.php\/wp-json\/wp\/v2\/pages"}],"about":[{"href":"https:\/\/fede-uliege.be\/index.php\/wp-json\/wp\/v2\/types\/page"}],"author":[{"embeddable":true,"href":"https:\/\/fede-uliege.be\/index.php\/wp-json\/wp\/v2\/users\/1"}],"replies":[{"embeddable":true,"href":"https:\/\/fede-uliege.be\/index.php\/wp-json\/wp\/v2\/comments?post=1248"}],"version-history":[{"count":20,"href":"https:\/\/fede-uliege.be\/index.php\/wp-json\/wp\/v2\/pages\/1248\/revisions"}],"predecessor-version":[{"id":2208,"href":"https:\/\/fede-uliege.be\/index.php\/wp-json\/wp\/v2\/pages\/1248\/revisions\/2208"}],"wp:attachment":[{"href":"https:\/\/fede-uliege.be\/index.php\/wp-json\/wp\/v2\/media?parent=1248"}],"curies":[{"name":"wp","href":"https:\/\/api.w.org\/{rel}","templated":true}]}}