{"id":1699,"date":"2025-02-19T17:02:41","date_gmt":"2025-02-19T16:02:41","guid":{"rendered":"https:\/\/fede-uliege.be\/?page_id=1699"},"modified":"2025-02-19T17:02:42","modified_gmt":"2025-02-19T16:02:42","slug":"revendications","status":"publish","type":"page","link":"https:\/\/fede-uliege.be\/index.php\/revendications\/","title":{"rendered":"Revendications"},"content":{"rendered":"\n<hr class=\"wp-block-separator has-text-color has-neve-link-color-color has-alpha-channel-opacity has-neve-link-color-background-color has-background\"\/>\n\n\n\n<div style=\"height:40px\" aria-hidden=\"true\" class=\"wp-block-spacer\"><\/div>\n\n\n\n<h2 class=\"wp-block-heading has-text-align-center has-neve-link-color-color has-text-color has-link-color wp-elements-83d83835a12e9437105b26bf1371df00\">FAIS REMONTER TES REVENDICATIONS !<\/h2>\n\n\n\n<div style=\"height:40px\" aria-hidden=\"true\" class=\"wp-block-spacer\"><\/div>\n\n\n\n<hr class=\"wp-block-separator has-text-color has-neve-link-color-color has-alpha-channel-opacity has-neve-link-color-background-color has-background\"\/>\n\n\n\n<p>Tu as des demandes sp\u00e9cifiques ou souhaites faire part de tes revendications concernant l\u2019Universit\u00e9 de Li\u00e8ge ? Nous sommes \u00e0 l\u2019\u00e9coute de tes pr\u00e9occupations !<\/p>\n\n\n\n<p>N\u2019h\u00e9site pas \u00e0 remplir ce formulaire pour nous faire part de ton exp\u00e9rience, de tes suggestions ou de toute autre situation que tu aimerais voir am\u00e9lior\u00e9e !<\/p>\n\n\n\n<div class=\"wp-block-buttons is-layout-flex wp-block-buttons-is-layout-flex\">\n<div class=\"wp-block-button is-style-primary\"><a class=\"wp-block-button__link has-nv-site-bg-color has-neve-link-color-background-color has-text-color has-background has-link-color wp-element-button\" href=\"https:\/\/docs.google.com\/forms\/d\/e\/1FAIpQLScygSu8rhAP6-2-7EaePDx5d6iCqiz70A-Xf_Zd2RBp7-39bw\/viewform\">C&rsquo;est par ici !<\/a><\/div>\n<\/div>\n\n\n\n<p><\/p>\n","protected":false},"excerpt":{"rendered":"<p>FAIS REMONTER TES REVENDICATIONS ! Tu as des demandes sp\u00e9cifiques ou souhaites faire part de tes revendications concernant l\u2019Universit\u00e9 de Li\u00e8ge ? Nous sommes \u00e0 l\u2019\u00e9coute de tes pr\u00e9occupations ! N\u2019h\u00e9site pas \u00e0 remplir ce formulaire pour nous faire part de ton exp\u00e9rience, de tes suggestions ou de toute autre situation que tu aimerais voir am\u00e9lior\u00e9e !<\/p>\n","protected":false},"author":1,"featured_media":0,"parent":0,"menu_order":0,"comment_status":"closed","ping_status":"closed","template":"","meta":{"neve_meta_sidebar":"","neve_meta_container":"","neve_meta_enable_content_width":"","neve_meta_content_width":0,"neve_meta_title_alignment":"","neve_meta_author_avatar":"","neve_post_elements_order":"","neve_meta_disable_header":"","neve_meta_disable_footer":"","neve_meta_disable_title":"","jetpack_post_was_ever_published":false,"footnotes":""},"class_list":["post-1699","page","type-page","status-publish","hentry"],"jetpack_sharing_enabled":true,"_links":{"self":[{"href":"https:\/\/fede-uliege.be\/index.php\/wp-json\/wp\/v2\/pages\/1699","targetHints":{"allow":["GET"]}}],"collection":[{"href":"https:\/\/fede-uliege.be\/index.php\/wp-json\/wp\/v2\/pages"}],"about":[{"href":"https:\/\/fede-uliege.be\/index.php\/wp-json\/wp\/v2\/types\/page"}],"author":[{"embeddable":true,"href":"https:\/\/fede-uliege.be\/index.php\/wp-json\/wp\/v2\/users\/1"}],"replies":[{"embeddable":true,"href":"https:\/\/fede-uliege.be\/index.php\/wp-json\/wp\/v2\/comments?post=1699"}],"version-history":[{"count":1,"href":"https:\/\/fede-uliege.be\/index.php\/wp-json\/wp\/v2\/pages\/1699\/revisions"}],"predecessor-version":[{"id":1701,"href":"https:\/\/fede-uliege.be\/index.php\/wp-json\/wp\/v2\/pages\/1699\/revisions\/1701"}],"wp:attachment":[{"href":"https:\/\/fede-uliege.be\/index.php\/wp-json\/wp\/v2\/media?parent=1699"}],"curies":[{"name":"wp","href":"https:\/\/api.w.org\/{rel}","templated":true}]}}