{"id":1862,"date":"2025-07-03T09:48:17","date_gmt":"2025-07-03T07:48:17","guid":{"rendered":"https:\/\/fede-uliege.be\/?page_id=1862"},"modified":"2025-09-05T14:54:25","modified_gmt":"2025-09-05T12:54:25","slug":"fede-x-green-office","status":"publish","type":"page","link":"https:\/\/fede-uliege.be\/index.php\/fede-x-green-office\/","title":{"rendered":"F\u00c9D\u00c9 X GREEN OFFICE"},"content":{"rendered":"\n<hr class=\"wp-block-separator has-text-color has-neve-link-color-color has-alpha-channel-opacity has-neve-link-color-background-color has-background is-style-wide\"\/>\n\n\n\n<h2 class=\"wp-block-heading has-text-align-center has-neve-link-color-color has-text-color has-link-color wp-elements-378a318fce9c527b4cd48222a0ff55aa\" style=\"font-size:65px\"><strong>F\u00c9D\u00c9 X GREEN OFFICE<\/strong><\/h2>\n\n\n\n<hr class=\"wp-block-separator has-text-color has-neve-link-color-color has-alpha-channel-opacity has-neve-link-color-background-color has-background is-style-wide\"\/>\n\n\n\n<div style=\"height:0px\" aria-hidden=\"true\" class=\"wp-block-spacer\"><\/div>\n\n\n\n<div style=\"height:58px\" aria-hidden=\"true\" class=\"wp-block-spacer\"><\/div>\n\n\n\n<div class=\"wp-block-group is-nowrap is-layout-flex wp-container-core-group-is-layout-ad2f72ca wp-block-group-is-layout-flex\">\n<figure class=\"wp-block-image size-full\"><img decoding=\"async\" width=\"238\" height=\"80\" src=\"https:\/\/fede-uliege.be\/wp-content\/uploads\/2024\/01\/CHARTE_GRAPHIQUE_2024-6.png\" alt=\"\" class=\"wp-image-1447\"\/><\/figure>\n\n\n\n<div style=\"height:100px;width:20px\" aria-hidden=\"true\" class=\"wp-block-spacer wp-container-content-62aae154\"><\/div>\n\n\n\n<div class=\"wp-block-group is-nowrap is-layout-flex wp-container-core-group-is-layout-ad2f72ca wp-block-group-is-layout-flex\">\n<h2 class=\"wp-block-heading has-neve-link-color-color has-text-color has-link-color wp-elements-1671ed7cc94f43d6fdd0d2cbabff2424\">La F\u00e9d\u00e9 et le Green Office s\u2019engagent pour une rentr\u00e9e durable ! <\/h2>\n<\/div>\n<\/div>\n\n\n\n<div style=\"height:58px\" aria-hidden=\"true\" class=\"wp-block-spacer\"><\/div>\n\n\n\n<div class=\"wp-block-cover\" style=\"min-height:453px;aspect-ratio:unset;\"><span aria-hidden=\"true\" class=\"wp-block-cover__background has-nv-c-1-background-color has-background-dim-100 has-background-dim\"><\/span><div class=\"wp-block-cover__inner-container is-layout-constrained wp-block-cover-is-layout-constrained\">\n<div class=\"wp-block-group is-content-justification-left is-nowrap is-layout-flex wp-container-core-group-is-layout-f56a869c wp-block-group-is-layout-flex\">\n<p class=\"has-text-align-center has-neve-text-color-color has-text-color has-link-color has-medium-font-size wp-elements-49fbe7116deb48a69ffdb3d846dc42f8\">\u00c0 l\u2019occasion du <strong>J-1<\/strong>, la <strong>F\u00e9d\u00e9<\/strong> et le <strong>Green Office<\/strong> se sont associ\u00e9s pour offrir aux nouveaux \u00e9tudiant\u00b7e\u00b7s de l&rsquo;ULi\u00e8ge des <strong>goodies plus durables et respectueux de l\u2019environnement<\/strong>.<br><br>Soucieuse de s\u2019aligner avec les valeurs de l\u2019Universit\u00e9, la F\u00e9d\u00e9 a choisi cette ann\u00e9e de distribuer de petits <strong>marque-pages recyclables<\/strong>, int\u00e9grant des <strong>graines \u00e0 planter<\/strong>, en plus de son <strong>traditionnel agenda<\/strong>, incontournable de la rentr\u00e9e. De son c\u00f4t\u00e9, le Green Office offre des <strong>lattes en bois<\/strong>, une alternative \u00e9cologique aux mod\u00e8les en plastique.<br><br>Ces initiatives s\u2019inscrivent dans une volont\u00e9 commune de sensibiliser les \u00e9tudiants aux <strong>gestes durables<\/strong> d\u00e8s leur arriv\u00e9e sur le campus.<\/p>\n\n\n\n<figure class=\"wp-block-image size-large is-resized is-style-default wp-container-content-cca5f6af\"><img fetchpriority=\"high\" decoding=\"async\" width=\"766\" height=\"1024\" src=\"https:\/\/fede-uliege.be\/wp-content\/uploads\/2025\/09\/agenda-goodies-766x1024.jpg\" alt=\"\" class=\"wp-image-1961\" style=\"width:388px;height:auto\" srcset=\"https:\/\/fede-uliege.be\/wp-content\/uploads\/2025\/09\/agenda-goodies-766x1024.jpg 766w, https:\/\/fede-uliege.be\/wp-content\/uploads\/2025\/09\/agenda-goodies-224x300.jpg 224w, https:\/\/fede-uliege.be\/wp-content\/uploads\/2025\/09\/agenda-goodies-768x1026.jpg 768w, https:\/\/fede-uliege.be\/wp-content\/uploads\/2025\/09\/agenda-goodies-1149x1536.jpg 1149w, https:\/\/fede-uliege.be\/wp-content\/uploads\/2025\/09\/agenda-goodies-1532x2048.jpg 1532w, https:\/\/fede-uliege.be\/wp-content\/uploads\/2025\/09\/agenda-goodies-scaled.jpg 1916w\" sizes=\"(max-width: 766px) 100vw, 766px\" \/><\/figure>\n<\/div>\n<\/div><\/div>\n\n\n\n<div style=\"height:58px\" aria-hidden=\"true\" class=\"wp-block-spacer\"><\/div>\n\n\n\n<div class=\"wp-block-group is-nowrap is-layout-flex wp-container-core-group-is-layout-ad2f72ca wp-block-group-is-layout-flex\">\n<figure class=\"wp-block-image size-full\"><img decoding=\"async\" width=\"238\" height=\"80\" src=\"https:\/\/fede-uliege.be\/wp-content\/uploads\/2024\/01\/CHARTE_GRAPHIQUE_2024-6.png\" alt=\"\" class=\"wp-image-1447\"\/><\/figure>\n\n\n\n<div style=\"height:100px;width:20px\" aria-hidden=\"true\" class=\"wp-block-spacer wp-container-content-62aae154\"><\/div>\n\n\n\n<div class=\"wp-block-group is-nowrap is-layout-flex wp-container-core-group-is-layout-ad2f72ca wp-block-group-is-layout-flex\">\n<h2 class=\"wp-block-heading has-neve-link-color-color has-text-color has-link-color wp-elements-4cabb0e7be9c01cb7fc88ef302deca94\">S\u2019engager dans mon Universit\u00e9<\/h2>\n<\/div>\n<\/div>\n\n\n\n<div style=\"height:58px\" aria-hidden=\"true\" class=\"wp-block-spacer\"><\/div>\n\n\n\n<div class=\"wp-block-cover\" style=\"min-height:414px;aspect-ratio:unset;\"><span aria-hidden=\"true\" class=\"wp-block-cover__background has-nv-c-1-background-color has-background-dim-100 has-background-dim\"><\/span><div class=\"wp-block-cover__inner-container is-layout-constrained wp-block-cover-is-layout-constrained\">\n<div class=\"wp-block-group is-nowrap is-layout-flex wp-container-core-group-is-layout-ad2f72ca wp-block-group-is-layout-flex\">\n<figure class=\"wp-block-image size-large is-style-default\"><img decoding=\"async\" width=\"1024\" height=\"683\" src=\"https:\/\/fede-uliege.be\/wp-content\/uploads\/2025\/09\/012_-_mars_2022_-_festival_nourrir_liege_campus-1-1024x683.png\" alt=\"\" class=\"wp-image-1942\" srcset=\"https:\/\/fede-uliege.be\/wp-content\/uploads\/2025\/09\/012_-_mars_2022_-_festival_nourrir_liege_campus-1-1024x683.png 1024w, https:\/\/fede-uliege.be\/wp-content\/uploads\/2025\/09\/012_-_mars_2022_-_festival_nourrir_liege_campus-1-300x200.png 300w, https:\/\/fede-uliege.be\/wp-content\/uploads\/2025\/09\/012_-_mars_2022_-_festival_nourrir_liege_campus-1-768x512.png 768w, https:\/\/fede-uliege.be\/wp-content\/uploads\/2025\/09\/012_-_mars_2022_-_festival_nourrir_liege_campus-1-1536x1024.png 1536w, https:\/\/fede-uliege.be\/wp-content\/uploads\/2025\/09\/012_-_mars_2022_-_festival_nourrir_liege_campus-1-2048x1366.png 2048w, https:\/\/fede-uliege.be\/wp-content\/uploads\/2025\/09\/012_-_mars_2022_-_festival_nourrir_liege_campus-1-930x620.png 930w\" sizes=\"(max-width: 1024px) 100vw, 1024px\" \/><\/figure>\n\n\n\n<p class=\"has-text-align-center has-neve-text-color-color has-text-color has-link-color has-medium-font-size wp-elements-b6e0171f72c49edf08ac8e6153043d8e\">Il y a de nombreuses fa\u00e7ons <strong>d\u2019agir et de s\u2019impliquer<\/strong> au sein de ton Universit\u00e9&nbsp;: rejoins <strong>les cercles de la F\u00e9d\u00e9 ou les \u00e9quipes \u00e9tudiantes du Green Office.<\/strong><\/p>\n<\/div>\n<\/div><\/div>\n\n\n\n<div style=\"height:58px\" aria-hidden=\"true\" class=\"wp-block-spacer\"><\/div>\n\n\n\n<div class=\"wp-block-group is-nowrap is-layout-flex wp-container-core-group-is-layout-ad2f72ca wp-block-group-is-layout-flex\">\n<figure class=\"wp-block-image size-full\"><img decoding=\"async\" width=\"238\" height=\"80\" src=\"https:\/\/fede-uliege.be\/wp-content\/uploads\/2024\/01\/CHARTE_GRAPHIQUE_2024-6.png\" alt=\"\" class=\"wp-image-1447\"\/><\/figure>\n\n\n\n<div style=\"height:100px;width:20px\" aria-hidden=\"true\" class=\"wp-block-spacer wp-container-content-62aae154\"><\/div>\n\n\n\n<div class=\"wp-block-group is-nowrap is-layout-flex wp-container-core-group-is-layout-ad2f72ca wp-block-group-is-layout-flex\">\n<h2 class=\"wp-block-heading has-neve-link-color-color has-text-color has-link-color wp-elements-5401f2a395c3f83f10a35c4d229954ab\">Green Office<\/h2>\n<\/div>\n<\/div>\n\n\n\n<div style=\"height:58px\" aria-hidden=\"true\" class=\"wp-block-spacer\"><\/div>\n\n\n\n<div class=\"wp-block-cover\" style=\"min-height:398px;aspect-ratio:unset;\"><span aria-hidden=\"true\" class=\"wp-block-cover__background has-nv-c-1-background-color has-background-dim-100 has-background-dim\"><\/span><div class=\"wp-block-cover__inner-container is-layout-constrained wp-block-cover-is-layout-constrained\">\n<div class=\"wp-block-group is-nowrap is-layout-flex wp-container-core-group-is-layout-ad2f72ca wp-block-group-is-layout-flex\">\n<p class=\"has-text-align-center has-neve-text-color-color has-text-color has-link-color has-medium-font-size wp-elements-66c744ca7915893dac9a4288da5eb199\">Le Green Office s\u2019adresse \u00e0 chacun\u00b7e des membres de <strong>la communaut\u00e9 ULi\u00e8ge<\/strong> qui souhaite mettre son talent, sa cr\u00e9ativit\u00e9 et le temps qu&rsquo;iel souhaite au service d\u2019actions et de projets pour am\u00e9liorer <strong>la durabilit\u00e9<\/strong> de notre Universit\u00e9.<\/p>\n\n\n\n<figure class=\"wp-block-image size-full is-resized is-style-default wp-container-content-cca5f6af\"><img loading=\"lazy\" decoding=\"async\" width=\"1024\" height=\"576\" src=\"https:\/\/fede-uliege.be\/wp-content\/uploads\/2025\/09\/Green-Office-photo.png\" alt=\"\" class=\"wp-image-1974\" style=\"width:547px;height:auto\" srcset=\"https:\/\/fede-uliege.be\/wp-content\/uploads\/2025\/09\/Green-Office-photo.png 1024w, https:\/\/fede-uliege.be\/wp-content\/uploads\/2025\/09\/Green-Office-photo-300x169.png 300w, https:\/\/fede-uliege.be\/wp-content\/uploads\/2025\/09\/Green-Office-photo-768x432.png 768w\" sizes=\"(max-width: 1024px) 100vw, 1024px\" \/><\/figure>\n<\/div>\n<\/div><\/div>\n\n\n\n<div style=\"height:58px\" aria-hidden=\"true\" class=\"wp-block-spacer\"><\/div>\n\n\n\n<div class=\"wp-block-buttons is-horizontal is-content-justification-center is-layout-flex wp-container-core-buttons-is-layout-499968f5 wp-block-buttons-is-layout-flex\">\n<div class=\"wp-block-button\"><a class=\"wp-block-button__link has-neve-link-color-background-color has-background has-text-align-center wp-element-button\" href=\"https:\/\/www.green-office.uliege.be\/cms\/c_14422482\/fr\/greenoffice-qu-est-ce-que-le-green-office-uliege\" target=\"_blank\" rel=\"noreferrer noopener\">D\u00e9couvrez le Green Office !<\/a><\/div>\n<\/div>\n\n\n\n<p><\/p>\n","protected":false},"excerpt":{"rendered":"<p>F\u00c9D\u00c9 X GREEN OFFICE La F\u00e9d\u00e9 et le Green Office s\u2019engagent pour une rentr\u00e9e durable ! S\u2019engager dans mon Universit\u00e9 Green Office<\/p>\n","protected":false},"author":1,"featured_media":0,"parent":0,"menu_order":0,"comment_status":"closed","ping_status":"closed","template":"","meta":{"neve_meta_sidebar":"","neve_meta_container":"","neve_meta_enable_content_width":"","neve_meta_content_width":0,"neve_meta_title_alignment":"","neve_meta_author_avatar":"","neve_post_elements_order":"","neve_meta_disable_header":"","neve_meta_disable_footer":"","neve_meta_disable_title":"","jetpack_post_was_ever_published":false,"footnotes":""},"class_list":["post-1862","page","type-page","status-publish","hentry"],"jetpack_sharing_enabled":true,"_links":{"self":[{"href":"https:\/\/fede-uliege.be\/index.php\/wp-json\/wp\/v2\/pages\/1862","targetHints":{"allow":["GET"]}}],"collection":[{"href":"https:\/\/fede-uliege.be\/index.php\/wp-json\/wp\/v2\/pages"}],"about":[{"href":"https:\/\/fede-uliege.be\/index.php\/wp-json\/wp\/v2\/types\/page"}],"author":[{"embeddable":true,"href":"https:\/\/fede-uliege.be\/index.php\/wp-json\/wp\/v2\/users\/1"}],"replies":[{"embeddable":true,"href":"https:\/\/fede-uliege.be\/index.php\/wp-json\/wp\/v2\/comments?post=1862"}],"version-history":[{"count":57,"href":"https:\/\/fede-uliege.be\/index.php\/wp-json\/wp\/v2\/pages\/1862\/revisions"}],"predecessor-version":[{"id":1977,"href":"https:\/\/fede-uliege.be\/index.php\/wp-json\/wp\/v2\/pages\/1862\/revisions\/1977"}],"wp:attachment":[{"href":"https:\/\/fede-uliege.be\/index.php\/wp-json\/wp\/v2\/media?parent=1862"}],"curies":[{"name":"wp","href":"https:\/\/api.w.org\/{rel}","templated":true}]}}