{"id":794,"date":"2023-10-31T10:47:29","date_gmt":"2023-10-31T09:47:29","guid":{"rendered":"https:\/\/fede-uliege.be\/?page_id=794"},"modified":"2026-04-01T16:22:56","modified_gmt":"2026-04-01T14:22:56","slug":"reservation-de-salles","status":"publish","type":"page","link":"https:\/\/fede-uliege.be\/index.php\/reservation-de-salles\/","title":{"rendered":"R\u00e9servation de salles"},"content":{"rendered":"\n<hr class=\"wp-block-separator has-text-color has-neve-link-color-color has-alpha-channel-opacity has-neve-link-color-background-color has-background is-style-wide\"\/>\n\n\n\n<div style=\"height:50px\" aria-hidden=\"true\" class=\"wp-block-spacer\"><\/div>\n\n\n\n<h2 class=\"wp-block-heading has-text-align-center has-neve-link-color-color has-text-color has-x-large-font-size\"><strong>R\u00c9SERVATION DE SALLES<\/strong><\/h2>\n\n\n\n<div style=\"height:50px\" aria-hidden=\"true\" class=\"wp-block-spacer\"><\/div>\n\n\n\n<hr class=\"wp-block-separator has-text-color has-neve-link-color-color has-alpha-channel-opacity has-neve-link-color-background-color has-background is-style-wide\"\/>\n\n\n\n<p>Les cercles \u00e9tudiants peuvent r\u00e9server des salles dans notre b\u00e2timent. Pour ce faire, v\u00e9rifie la disponibilit\u00e9 dans le calendrier ci-dessous et remplit le formulaire ci-dessous en indiquant les informations suivantes : le cercle dont tu fais partie, la salle que tu souhaites r\u00e9server, le nombre de personnes, la date et l&rsquo;heure, ainsi que tout mat\u00e9riel suppl\u00e9mentaire que tu souhaites \u00e9ventuellement louer.<\/p>\n\n\n\n<p>Il n&rsquo;est pas possible de r\u00e9server une salle plus d&rsquo;un mois \u00e0 l&rsquo;avance. <\/p>\n\n\n<p>\n<script>\n  if (typeof hasAmeliaEntitiesApiCall === 'undefined' && '' === '') {\n    var hasAmeliaEntitiesApiCall = true;\n  }\n  var ameliaShortcodeData = (typeof ameliaShortcodeData === 'undefined') ? [] : ameliaShortcodeData;\n  ameliaShortcodeData.push(\n    {\n      'hasApiCall': (typeof hasAmeliaEntitiesApiCall !== 'undefined') && hasAmeliaEntitiesApiCall,\n      'trigger': '',\n      'trigger_type': '',\n      'triggered_form': 'sbsNew',\n      'in_dialog': '',\n      'show': '',\n      'counter': '1000',\n      'category': '',\n      'service': '',\n      'employee': '',\n      'location': '',\n      'package': ''\n    }\n  );\n\n  var ameliaShortcodeDataTriggered = (typeof ameliaShortcodeDataTriggered === 'undefined') ? [] : ameliaShortcodeDataTriggered;\n  if (ameliaShortcodeData[ameliaShortcodeData.length - 1].trigger !== '') {\n    if (ameliaShortcodeDataTriggered.filter(a => a.counter === ameliaShortcodeData[ameliaShortcodeData.length - 1].counter).length === 0) {\n      ameliaShortcodeDataTriggered.push(ameliaShortcodeData.pop());\n    } else {\n      ameliaShortcodeData.pop()\n    }\n  }\n  if (typeof hasAmeliaEntitiesApiCall !== 'undefined' && hasAmeliaEntitiesApiCall) {\n    hasAmeliaEntitiesApiCall = false;\n  }\n<\/script>\n\n<div\n  id=\"amelia-v2-booking-1000\"\n  class=\"amelia-v2-booking\"\n >\n    <step-form-wrapper><\/step-form-wrapper><\/div>\n<iframe class=\"custom-agenda\" src=\"https:\/\/calendar.google.com\/calendar\/embed?height=600&amp;wkst=2&amp;bgcolor=%2333B679&amp;ctz=Europe%2FBrussels&amp;showTitle=0&amp;showCalendars=0&amp;showTz=0&amp;showTabs=0&amp;showPrint=0&amp;src=ZmVkZS11bGllZ2UuYmVfbWR1NWRnNmsyaTlvcGlsdXJ2MzBzdmloZGNAZ3JvdXAuY2FsZW5kYXIuZ29vZ2xlLmNvbQ&amp;color=%23F6BF26\" frameborder=\"0\" scrolling=\"no\"><\/iframe><\/p>\n\n\n<hr class=\"wp-block-separator has-text-color has-neve-link-color-color has-alpha-channel-opacity has-neve-link-color-background-color has-background is-style-wide\"\/>\n\n\n\n<div style=\"height:50px\" aria-hidden=\"true\" class=\"wp-block-spacer\"><\/div>\n\n\n\n<h2 class=\"wp-block-heading has-text-align-center has-neve-link-color-color has-text-color has-x-large-font-size\"><strong>LES SALLES<\/strong><\/h2>\n\n\n\n<div style=\"height:50px\" aria-hidden=\"true\" class=\"wp-block-spacer\"><\/div>\n\n\n\n<hr class=\"wp-block-separator has-text-color has-neve-link-color-color has-alpha-channel-opacity has-neve-link-color-background-color has-background is-style-wide\"\/>\n\n\n\n<div class=\"wp-block-columns is-layout-flex wp-container-core-columns-is-layout-9d6595d7 wp-block-columns-is-layout-flex\">\n<div class=\"wp-block-column is-layout-flow wp-block-column-is-layout-flow\">\n<figure class=\"wp-block-image size-large\"><img fetchpriority=\"high\" decoding=\"async\" width=\"1024\" height=\"952\" src=\"https:\/\/fede-uliege.be\/wp-content\/uploads\/2025\/02\/Salles-Fede-2-1-1024x952.png\" alt=\"\" class=\"wp-image-1694\" srcset=\"https:\/\/fede-uliege.be\/wp-content\/uploads\/2025\/02\/Salles-Fede-2-1-1024x952.png 1024w, https:\/\/fede-uliege.be\/wp-content\/uploads\/2025\/02\/Salles-Fede-2-1-300x279.png 300w, https:\/\/fede-uliege.be\/wp-content\/uploads\/2025\/02\/Salles-Fede-2-1-768x714.png 768w, https:\/\/fede-uliege.be\/wp-content\/uploads\/2025\/02\/Salles-Fede-2-1-1536x1428.png 1536w, https:\/\/fede-uliege.be\/wp-content\/uploads\/2025\/02\/Salles-Fede-2-1.png 1654w\" sizes=\"(max-width: 1024px) 100vw, 1024px\" \/><\/figure>\n<\/div>\n\n\n\n<div class=\"wp-block-column is-vertically-aligned-center is-layout-flow wp-block-column-is-layout-flow\">\n<h2 class=\"wp-block-heading\">Plan de la F\u00e9d\u00e9<\/h2>\n\n\n\n<p>Le b\u00e2timent de la F\u00e9d\u00e9 compte trois \u00e9tages, en plus du rez-de-chauss\u00e9e. Les salles disponibles \u00e0 la r\u00e9servation pour les cercles sont les suivantes : la salle AG (rez-de-chauss\u00e9e), la salle des Cart\u00e9siens (1\u1d49\u02b3 \u00e9tage), l\u2019Espace M\u00e2son et la salle du Tor\u00ea (2\u1d49 \u00e9tage), ainsi que la salle des Archivistes (3\u1d49 \u00e9tage).<\/p>\n\n\n\n<p>Il est \u00e9galement possible de r\u00e9server la cuisine sur demande.<\/p>\n<\/div>\n<\/div>\n\n\n\n<div class=\"wp-block-columns is-layout-flex wp-container-core-columns-is-layout-9d6595d7 wp-block-columns-is-layout-flex\">\n<div class=\"wp-block-column is-layout-flow wp-block-column-is-layout-flow\">\n<figure class=\"wp-block-image size-large\"><img decoding=\"async\" width=\"1024\" height=\"576\" src=\"https:\/\/fede-uliege.be\/wp-content\/uploads\/2025\/11\/IMG_20251105_170143-1024x576.jpg\" alt=\"\" class=\"wp-image-2045\" srcset=\"https:\/\/fede-uliege.be\/wp-content\/uploads\/2025\/11\/IMG_20251105_170143-1024x576.jpg 1024w, https:\/\/fede-uliege.be\/wp-content\/uploads\/2025\/11\/IMG_20251105_170143-300x169.jpg 300w, https:\/\/fede-uliege.be\/wp-content\/uploads\/2025\/11\/IMG_20251105_170143-768x432.jpg 768w, https:\/\/fede-uliege.be\/wp-content\/uploads\/2025\/11\/IMG_20251105_170143-1536x864.jpg 1536w, https:\/\/fede-uliege.be\/wp-content\/uploads\/2025\/11\/IMG_20251105_170143-2048x1152.jpg 2048w\" sizes=\"(max-width: 1024px) 100vw, 1024px\" \/><\/figure>\n<\/div>\n\n\n\n<div class=\"wp-block-column is-vertically-aligned-center is-layout-flow wp-block-column-is-layout-flow\">\n<h2 class=\"wp-block-heading\">La salle AG<\/h2>\n\n\n\n<p>La salle AG est au rez-de-chauss\u00e9e, elle peut accueillir 20 personnes et lorsque tu la r\u00e9serves, tu as acc\u00e8s \u00e0 la cour ext\u00e9rieure.<\/p>\n<\/div>\n<\/div>\n\n\n\n<div class=\"wp-block-columns is-layout-flex wp-container-core-columns-is-layout-9d6595d7 wp-block-columns-is-layout-flex\">\n<div class=\"wp-block-column is-layout-flow wp-block-column-is-layout-flow\">\n<figure class=\"wp-block-image size-large\"><img decoding=\"async\" width=\"1024\" height=\"576\" src=\"https:\/\/fede-uliege.be\/wp-content\/uploads\/2025\/11\/IMG_20251105_170334-1024x576.jpg\" alt=\"\" class=\"wp-image-2046\" srcset=\"https:\/\/fede-uliege.be\/wp-content\/uploads\/2025\/11\/IMG_20251105_170334-1024x576.jpg 1024w, https:\/\/fede-uliege.be\/wp-content\/uploads\/2025\/11\/IMG_20251105_170334-300x169.jpg 300w, https:\/\/fede-uliege.be\/wp-content\/uploads\/2025\/11\/IMG_20251105_170334-768x432.jpg 768w, https:\/\/fede-uliege.be\/wp-content\/uploads\/2025\/11\/IMG_20251105_170334-1536x864.jpg 1536w, https:\/\/fede-uliege.be\/wp-content\/uploads\/2025\/11\/IMG_20251105_170334-2048x1152.jpg 2048w\" sizes=\"(max-width: 1024px) 100vw, 1024px\" \/><\/figure>\n<\/div>\n\n\n\n<div class=\"wp-block-column is-vertically-aligned-center is-layout-flow wp-block-column-is-layout-flow\">\n<h2 class=\"wp-block-heading\">La salle des Cart\u00e9siens<\/h2>\n\n\n\n<p>La salle des Cart\u00e9siens est au 1\u1d49\u02b3 \u00e9tage, elle peut accueillir 15 personnes.<\/p>\n<\/div>\n<\/div>\n\n\n\n<div class=\"wp-block-columns is-layout-flex wp-container-core-columns-is-layout-9d6595d7 wp-block-columns-is-layout-flex\">\n<div class=\"wp-block-column is-layout-flow wp-block-column-is-layout-flow\">\n<figure class=\"wp-block-image size-large\"><img loading=\"lazy\" decoding=\"async\" width=\"1024\" height=\"576\" src=\"https:\/\/fede-uliege.be\/wp-content\/uploads\/2025\/11\/IMG_20251105_170409-1024x576.jpg\" alt=\"\" class=\"wp-image-2047\" srcset=\"https:\/\/fede-uliege.be\/wp-content\/uploads\/2025\/11\/IMG_20251105_170409-1024x576.jpg 1024w, https:\/\/fede-uliege.be\/wp-content\/uploads\/2025\/11\/IMG_20251105_170409-300x169.jpg 300w, https:\/\/fede-uliege.be\/wp-content\/uploads\/2025\/11\/IMG_20251105_170409-768x432.jpg 768w, https:\/\/fede-uliege.be\/wp-content\/uploads\/2025\/11\/IMG_20251105_170409-1536x864.jpg 1536w, https:\/\/fede-uliege.be\/wp-content\/uploads\/2025\/11\/IMG_20251105_170409-2048x1152.jpg 2048w\" sizes=\"(max-width: 1024px) 100vw, 1024px\" \/><\/figure>\n<\/div>\n\n\n\n<div class=\"wp-block-column is-vertically-aligned-center is-layout-flow wp-block-column-is-layout-flow\">\n<h2 class=\"wp-block-heading\">La salle du Tor\u00ea<\/h2>\n\n\n\n<p>La salle du Tor\u00ea est au 2\u1d49 \u00e9tage, elle peut contenir 15 personnes.<\/p>\n<\/div>\n<\/div>\n\n\n\n<div class=\"wp-block-columns is-layout-flex wp-container-core-columns-is-layout-9d6595d7 wp-block-columns-is-layout-flex\">\n<div class=\"wp-block-column is-layout-flow wp-block-column-is-layout-flow\">\n<figure class=\"wp-block-image size-large\"><img loading=\"lazy\" decoding=\"async\" width=\"2448\" height=\"1836\" src=\"https:\/\/fede-uliege.be\/wp-content\/uploads\/2025\/11\/IMG_20251105_170623-edited.jpg\" alt=\"\" class=\"wp-image-2050\" srcset=\"https:\/\/fede-uliege.be\/wp-content\/uploads\/2025\/11\/IMG_20251105_170623-edited.jpg 2448w, https:\/\/fede-uliege.be\/wp-content\/uploads\/2025\/11\/IMG_20251105_170623-edited-300x225.jpg 300w, https:\/\/fede-uliege.be\/wp-content\/uploads\/2025\/11\/IMG_20251105_170623-edited-1024x768.jpg 1024w, https:\/\/fede-uliege.be\/wp-content\/uploads\/2025\/11\/IMG_20251105_170623-edited-768x576.jpg 768w, https:\/\/fede-uliege.be\/wp-content\/uploads\/2025\/11\/IMG_20251105_170623-edited-1536x1152.jpg 1536w, https:\/\/fede-uliege.be\/wp-content\/uploads\/2025\/11\/IMG_20251105_170623-edited-2048x1536.jpg 2048w\" sizes=\"(max-width: 2448px) 100vw, 2448px\" \/><\/figure>\n<\/div>\n\n\n\n<div class=\"wp-block-column is-vertically-aligned-center is-layout-flow wp-block-column-is-layout-flow\">\n<h2 class=\"wp-block-heading\">L&rsquo;espace M\u00e2son<\/h2>\n\n\n\n<p>L&rsquo;espace M\u00e2son est au 2\u1d49 \u00e9tage, il peut accueillir 10 personnes.<\/p>\n<\/div>\n<\/div>\n\n\n\n<div class=\"wp-block-columns is-layout-flex wp-container-core-columns-is-layout-9d6595d7 wp-block-columns-is-layout-flex\">\n<div class=\"wp-block-column is-layout-flow wp-block-column-is-layout-flow\">\n<figure class=\"wp-block-image size-large\"><img loading=\"lazy\" decoding=\"async\" width=\"768\" height=\"1024\" src=\"https:\/\/fede-uliege.be\/wp-content\/uploads\/2026\/04\/IMG_7035-768x1024.jpeg\" alt=\"\" class=\"wp-image-2234\" srcset=\"https:\/\/fede-uliege.be\/wp-content\/uploads\/2026\/04\/IMG_7035-768x1024.jpeg 768w, https:\/\/fede-uliege.be\/wp-content\/uploads\/2026\/04\/IMG_7035-225x300.jpeg 225w, https:\/\/fede-uliege.be\/wp-content\/uploads\/2026\/04\/IMG_7035-1152x1536.jpeg 1152w, https:\/\/fede-uliege.be\/wp-content\/uploads\/2026\/04\/IMG_7035-1536x2048.jpeg 1536w, https:\/\/fede-uliege.be\/wp-content\/uploads\/2026\/04\/IMG_7035-scaled.jpeg 1920w\" sizes=\"(max-width: 768px) 100vw, 768px\" \/><\/figure>\n<\/div>\n\n\n\n<div class=\"wp-block-column is-vertically-aligned-center is-layout-flow wp-block-column-is-layout-flow\">\n<h2 class=\"wp-block-heading\">La salle des Archivistes<\/h2>\n\n\n\n<p>La salle des Archivistes est au 3\u1d49 \u00e9tage, elle peut accueillir 6 personnes.<\/p>\n<\/div>\n<\/div>\n\n\n\n<hr class=\"wp-block-separator has-text-color has-neve-link-color-color has-alpha-channel-opacity has-neve-link-color-background-color has-background is-style-default\"\/>\n\n\n\n<div class=\"wp-block-columns is-layout-flex wp-container-core-columns-is-layout-9d6595d7 wp-block-columns-is-layout-flex\">\n<div class=\"wp-block-column is-layout-flow wp-block-column-is-layout-flow\">\n<figure class=\"wp-block-image size-full is-resized\"><a href=\"https:\/\/www.lamason.org\/\"><img loading=\"lazy\" decoding=\"async\" width=\"400\" height=\"400\" src=\"https:\/\/fede-uliege.be\/wp-content\/uploads\/2024\/01\/MAson-logo-large_PNG-1.webp\" alt=\"\" class=\"wp-image-1128\" style=\"width:145px;height:auto\" srcset=\"https:\/\/fede-uliege.be\/wp-content\/uploads\/2024\/01\/MAson-logo-large_PNG-1.webp 400w, https:\/\/fede-uliege.be\/wp-content\/uploads\/2024\/01\/MAson-logo-large_PNG-1-300x300.webp 300w, https:\/\/fede-uliege.be\/wp-content\/uploads\/2024\/01\/MAson-logo-large_PNG-1-150x150.webp 150w\" sizes=\"(max-width: 400px) 100vw, 400px\" \/><\/a><\/figure>\n<\/div>\n\n\n\n<div class=\"wp-block-column is-layout-flow wp-block-column-is-layout-flow\">\n<p class=\"has-text-align-center\">Ouvert du lundi au jeudi de 8h30 \u00e0 17h30 (ferm\u00e9 de 12h30 \u00e0 13h30)<br>et le vendredi de 8h30 \u00e0 12h30<br>04 366 31 99<\/p>\n\n\n\n<ul class=\"wp-block-social-links has-normal-icon-size is-content-justification-center is-layout-flex wp-container-core-social-links-is-layout-16018d1d wp-block-social-links-is-layout-flex\"><li class=\"wp-social-link wp-social-link-facebook  wp-block-social-link\"><a href=\"https:\/\/www.facebook.com\/fedeULiege\/\" class=\"wp-block-social-link-anchor\"><svg width=\"24\" height=\"24\" viewBox=\"0 0 24 24\" version=\"1.1\" xmlns=\"http:\/\/www.w3.org\/2000\/svg\" aria-hidden=\"true\" focusable=\"false\"><path d=\"M12 2C6.5 2 2 6.5 2 12c0 5 3.7 9.1 8.4 9.9v-7H7.9V12h2.5V9.8c0-2.5 1.5-3.9 3.8-3.9 1.1 0 2.2.2 2.2.2v2.5h-1.3c-1.2 0-1.6.8-1.6 1.6V12h2.8l-.4 2.9h-2.3v7C18.3 21.1 22 17 22 12c0-5.5-4.5-10-10-10z\"><\/path><\/svg><span class=\"wp-block-social-link-label screen-reader-text\">Facebook<\/span><\/a><\/li>\n\n<li class=\"wp-social-link wp-social-link-instagram  wp-block-social-link\"><a href=\"https:\/\/www.instagram.com\/fede_uliege\/\" class=\"wp-block-social-link-anchor\"><svg width=\"24\" height=\"24\" viewBox=\"0 0 24 24\" version=\"1.1\" xmlns=\"http:\/\/www.w3.org\/2000\/svg\" aria-hidden=\"true\" focusable=\"false\"><path d=\"M12,4.622c2.403,0,2.688,0.009,3.637,0.052c0.877,0.04,1.354,0.187,1.671,0.31c0.42,0.163,0.72,0.358,1.035,0.673 c0.315,0.315,0.51,0.615,0.673,1.035c0.123,0.317,0.27,0.794,0.31,1.671c0.043,0.949,0.052,1.234,0.052,3.637 s-0.009,2.688-0.052,3.637c-0.04,0.877-0.187,1.354-0.31,1.671c-0.163,0.42-0.358,0.72-0.673,1.035 c-0.315,0.315-0.615,0.51-1.035,0.673c-0.317,0.123-0.794,0.27-1.671,0.31c-0.949,0.043-1.233,0.052-3.637,0.052 s-2.688-0.009-3.637-0.052c-0.877-0.04-1.354-0.187-1.671-0.31c-0.42-0.163-0.72-0.358-1.035-0.673 c-0.315-0.315-0.51-0.615-0.673-1.035c-0.123-0.317-0.27-0.794-0.31-1.671C4.631,14.688,4.622,14.403,4.622,12 s0.009-2.688,0.052-3.637c0.04-0.877,0.187-1.354,0.31-1.671c0.163-0.42,0.358-0.72,0.673-1.035 c0.315-0.315,0.615-0.51,1.035-0.673c0.317-0.123,0.794-0.27,1.671-0.31C9.312,4.631,9.597,4.622,12,4.622 M12,3 C9.556,3,9.249,3.01,8.289,3.054C7.331,3.098,6.677,3.25,6.105,3.472C5.513,3.702,5.011,4.01,4.511,4.511 c-0.5,0.5-0.808,1.002-1.038,1.594C3.25,6.677,3.098,7.331,3.054,8.289C3.01,9.249,3,9.556,3,12c0,2.444,0.01,2.751,0.054,3.711 c0.044,0.958,0.196,1.612,0.418,2.185c0.23,0.592,0.538,1.094,1.038,1.594c0.5,0.5,1.002,0.808,1.594,1.038 c0.572,0.222,1.227,0.375,2.185,0.418C9.249,20.99,9.556,21,12,21s2.751-0.01,3.711-0.054c0.958-0.044,1.612-0.196,2.185-0.418 c0.592-0.23,1.094-0.538,1.594-1.038c0.5-0.5,0.808-1.002,1.038-1.594c0.222-0.572,0.375-1.227,0.418-2.185 C20.99,14.751,21,14.444,21,12s-0.01-2.751-0.054-3.711c-0.044-0.958-0.196-1.612-0.418-2.185c-0.23-0.592-0.538-1.094-1.038-1.594 c-0.5-0.5-1.002-0.808-1.594-1.038c-0.572-0.222-1.227-0.375-2.185-0.418C14.751,3.01,14.444,3,12,3L12,3z M12,7.378 c-2.552,0-4.622,2.069-4.622,4.622S9.448,16.622,12,16.622s4.622-2.069,4.622-4.622S14.552,7.378,12,7.378z M12,15 c-1.657,0-3-1.343-3-3s1.343-3,3-3s3,1.343,3,3S13.657,15,12,15z M16.804,6.116c-0.596,0-1.08,0.484-1.08,1.08 s0.484,1.08,1.08,1.08c0.596,0,1.08-0.484,1.08-1.08S17.401,6.116,16.804,6.116z\"><\/path><\/svg><span class=\"wp-block-social-link-label screen-reader-text\">Instagram<\/span><\/a><\/li>\n\n<li class=\"wp-social-link wp-social-link-mail  wp-block-social-link\"><a href=\"mailto:&#105;&#110;&#102;o&#064;f&#101;de-&#117;l&#105;&#101;g&#101;.&#098;e\" class=\"wp-block-social-link-anchor\"><svg width=\"24\" height=\"24\" viewBox=\"0 0 24 24\" version=\"1.1\" xmlns=\"http:\/\/www.w3.org\/2000\/svg\" aria-hidden=\"true\" focusable=\"false\"><path d=\"M19,5H5c-1.1,0-2,.9-2,2v10c0,1.1.9,2,2,2h14c1.1,0,2-.9,2-2V7c0-1.1-.9-2-2-2zm.5,12c0,.3-.2.5-.5.5H5c-.3,0-.5-.2-.5-.5V9.8l7.5,5.6,7.5-5.6V17zm0-9.1L12,13.6,4.5,7.9V7c0-.3.2-.5.5-.5h14c.3,0,.5.2.5.5v.9z\"><\/path><\/svg><span class=\"wp-block-social-link-label screen-reader-text\">E-mail<\/span><\/a><\/li><\/ul>\n<\/div>\n\n\n\n<div class=\"wp-block-column is-layout-flow wp-block-column-is-layout-flow\"><div class=\"wp-block-image\">\n<figure class=\"alignright size-large is-resized\"><img loading=\"lazy\" decoding=\"async\" width=\"1024\" height=\"768\" src=\"https:\/\/fede-uliege.be\/wp-content\/uploads\/2024\/01\/Logo-Fede-Uliege-Bleu-1-1024x768.png\" alt=\"\" class=\"wp-image-1129\" style=\"width:147px;height:auto\" srcset=\"https:\/\/fede-uliege.be\/wp-content\/uploads\/2024\/01\/Logo-Fede-Uliege-Bleu-1-1024x768.png 1024w, https:\/\/fede-uliege.be\/wp-content\/uploads\/2024\/01\/Logo-Fede-Uliege-Bleu-1-300x225.png 300w, https:\/\/fede-uliege.be\/wp-content\/uploads\/2024\/01\/Logo-Fede-Uliege-Bleu-1-768x576.png 768w, https:\/\/fede-uliege.be\/wp-content\/uploads\/2024\/01\/Logo-Fede-Uliege-Bleu-1-1536x1152.png 1536w, https:\/\/fede-uliege.be\/wp-content\/uploads\/2024\/01\/Logo-Fede-Uliege-Bleu-1.png 1961w\" sizes=\"(max-width: 1024px) 100vw, 1024px\" \/><\/figure>\n<\/div><\/div>\n<\/div>\n\n\n\n<p class=\"has-text-align-center\"><a href=\"https:\/\/fede-uliege.be\/wp-content\/uploads\/2023\/11\/Statuts.pdf\">STATUTS<\/a> <a href=\"https:\/\/fede-uliege.be\/wp-content\/uploads\/2023\/12\/RGPD.pdf\">RGPD<\/a> <a href=\"https:\/\/fede-uliege.be\/wp-content\/uploads\/2023\/12\/ROI-adopte-02_11.pdf\">ROI<\/a> <a href=\"https:\/\/fede-uliege.be\/wp-content\/uploads\/2024\/01\/CHARTE_GRAPHIQUE_2024.pdf\">CHARTE GRAPHIQUE<\/a> <a href=\"https:\/\/fede-uliege.be\/index.php\/logo\/\">LOGO<\/a><\/p>\n","protected":false},"excerpt":{"rendered":"<p>R\u00c9SERVATION DE SALLES Les cercles \u00e9tudiants peuvent r\u00e9server des salles dans notre b\u00e2timent. Pour ce faire, v\u00e9rifie la disponibilit\u00e9 dans le calendrier ci-dessous et remplit le formulaire ci-dessous en indiquant les informations suivantes : le cercle dont tu fais partie, la salle que tu souhaites r\u00e9server, le nombre de personnes, la date et l&rsquo;heure, ainsi que tout mat\u00e9riel suppl\u00e9mentaire que tu souhaites \u00e9ventuellement louer. Il n&rsquo;est pas possible de r\u00e9server une salle plus d&rsquo;un mois \u00e0 l&rsquo;avance. LES SALLES Plan de la F\u00e9d\u00e9 Le b\u00e2timent de la F\u00e9d\u00e9 compte trois \u00e9tages, en plus du rez-de-chauss\u00e9e. Les salles disponibles \u00e0 la r\u00e9servation pour les cercles sont les suivantes : la salle AG (rez-de-chauss\u00e9e), la salle des Cart\u00e9siens (1\u1d49\u02b3 \u00e9tage), l\u2019Espace M\u00e2son et la salle du Tor\u00ea (2\u1d49 \u00e9tage), ainsi que la salle des Archivistes (3\u1d49 \u00e9tage). Il est \u00e9galement possible de r\u00e9server la cuisine sur demande. La salle AG La salle AG est au rez-de-chauss\u00e9e, elle peut accueillir 20 personnes et lorsque tu la r\u00e9serves, tu as acc\u00e8s \u00e0 la cour ext\u00e9rieure. La salle des Cart\u00e9siens La salle des Cart\u00e9siens est au 1\u1d49\u02b3 \u00e9tage, elle peut accueillir 15 personnes. La salle du Tor\u00ea La salle du Tor\u00ea est au 2\u1d49 \u00e9tage, elle peut contenir 15 personnes. L&rsquo;espace M\u00e2son L&rsquo;espace M\u00e2son est au 2\u1d49 \u00e9tage, il peut accueillir 10 personnes. La salle des Archivistes La salle des Archivistes est au 3\u1d49 \u00e9tage, elle peut accueillir 6 personnes. Ouvert du lundi au jeudi de 8h30 \u00e0 17h30 (ferm\u00e9 de 12h30 \u00e0 13h30)et le vendredi de 8h30 \u00e0 12h3004 366 31 99 STATUTS RGPD ROI CHARTE GRAPHIQUE LOGO<\/p>\n","protected":false},"author":1,"featured_media":0,"parent":0,"menu_order":0,"comment_status":"closed","ping_status":"closed","template":"","meta":{"neve_meta_sidebar":"","neve_meta_container":"","neve_meta_enable_content_width":"","neve_meta_content_width":0,"neve_meta_title_alignment":"","neve_meta_author_avatar":"","neve_post_elements_order":"","neve_meta_disable_header":"","neve_meta_disable_footer":"","neve_meta_disable_title":"","jetpack_post_was_ever_published":false,"footnotes":""},"class_list":["post-794","page","type-page","status-publish","hentry"],"jetpack_sharing_enabled":true,"_links":{"self":[{"href":"https:\/\/fede-uliege.be\/index.php\/wp-json\/wp\/v2\/pages\/794","targetHints":{"allow":["GET"]}}],"collection":[{"href":"https:\/\/fede-uliege.be\/index.php\/wp-json\/wp\/v2\/pages"}],"about":[{"href":"https:\/\/fede-uliege.be\/index.php\/wp-json\/wp\/v2\/types\/page"}],"author":[{"embeddable":true,"href":"https:\/\/fede-uliege.be\/index.php\/wp-json\/wp\/v2\/users\/1"}],"replies":[{"embeddable":true,"href":"https:\/\/fede-uliege.be\/index.php\/wp-json\/wp\/v2\/comments?post=794"}],"version-history":[{"count":44,"href":"https:\/\/fede-uliege.be\/index.php\/wp-json\/wp\/v2\/pages\/794\/revisions"}],"predecessor-version":[{"id":2236,"href":"https:\/\/fede-uliege.be\/index.php\/wp-json\/wp\/v2\/pages\/794\/revisions\/2236"}],"wp:attachment":[{"href":"https:\/\/fede-uliege.be\/index.php\/wp-json\/wp\/v2\/media?parent=794"}],"curies":[{"name":"wp","href":"https:\/\/api.w.org\/{rel}","templated":true}]}}